{"id":244,"date":"2025-10-18T07:46:03","date_gmt":"2025-10-18T07:46:03","guid":{"rendered":"https:\/\/ozias2.mvisionradnaverzija.com\/?post_type=product&#038;p=244"},"modified":"2025-10-21T07:28:38","modified_gmt":"2025-10-21T07:28:38","slug":"midnight-dress","status":"publish","type":"product","link":"https:\/\/ozias2.mvisionradnaverzija.com\/sr\/shop\/dresses\/midnight-dress\/","title":{"rendered":"Midnight haljina"},"content":{"rendered":"<p>Ova elegantna crna MIDNIGHT haljina, izra\u0111ena od meke modal viskoze, luksuzan je komad koji svakoj \u017eeni treba. Savr\u0161eno kombinuje udobnost i sofisticiran izgled, \u010dine\u0107i je ideala izbor za svaku posebnu priliku.<\/p>","protected":false},"excerpt":{"rendered":"<p>Ova elegantna crna MIDNIGHT haljina, izra\u0111ena od meke modal viskoze, luksuzan je komad koji svakoj \u017eeni treba. Savr\u0161eno kombinuje udobnost i sofisticiran izgled, \u010dine\u0107i je ideala izbor za svaku posebnu priliku.<\/p>","protected":false},"featured_media":258,"template":"","meta":[],"product_brand":[],"product_cat":[25],"product_tag":[],"class_list":{"0":"post-244","1":"product","2":"type-product","3":"status-publish","4":"has-post-thumbnail","6":"product_cat-dresses","9":"first","10":"instock","11":"shipping-taxable","12":"purchasable","13":"product-type-variable"},"_links":{"self":[{"href":"https:\/\/ozias2.mvisionradnaverzija.com\/sr\/wp-json\/wp\/v2\/product\/244","targetHints":{"allow":["GET"]}}],"collection":[{"href":"https:\/\/ozias2.mvisionradnaverzija.com\/sr\/wp-json\/wp\/v2\/product"}],"about":[{"href":"https:\/\/ozias2.mvisionradnaverzija.com\/sr\/wp-json\/wp\/v2\/types\/product"}],"wp:featuredmedia":[{"embeddable":true,"href":"https:\/\/ozias2.mvisionradnaverzija.com\/sr\/wp-json\/wp\/v2\/media\/258"}],"wp:attachment":[{"href":"https:\/\/ozias2.mvisionradnaverzija.com\/sr\/wp-json\/wp\/v2\/media?parent=244"}],"wp:term":[{"taxonomy":"product_brand","embeddable":true,"href":"https:\/\/ozias2.mvisionradnaverzija.com\/sr\/wp-json\/wp\/v2\/product_brand?post=244"},{"taxonomy":"product_cat","embeddable":true,"href":"https:\/\/ozias2.mvisionradnaverzija.com\/sr\/wp-json\/wp\/v2\/product_cat?post=244"},{"taxonomy":"product_tag","embeddable":true,"href":"https:\/\/ozias2.mvisionradnaverzija.com\/sr\/wp-json\/wp\/v2\/product_tag?post=244"}],"curies":[{"name":"wp","href":"https:\/\/api.w.org\/{rel}","templated":true}]}}