{"id":15,"date":"2025-10-16T11:25:41","date_gmt":"2025-10-16T11:25:41","guid":{"rendered":"https:\/\/ozias2.mvisionradnaverzija.com\/?post_type=product&#038;p=15"},"modified":"2025-10-21T07:32:01","modified_gmt":"2025-10-21T07:32:01","slug":"betty-set","status":"publish","type":"product","link":"https:\/\/ozias2.mvisionradnaverzija.com\/sr\/shop\/collections\/betty-set\/","title":{"rendered":"Betty Set"},"content":{"rendered":"<p class=\"western\" lang=\"en-US\">Predstavljamo Betty Set u beloj\/ plavoj boji lagan i udoban komplet koji zra\u010di jednostavnom elegancijom . Napravljen od prijatnog puplina, sastoji se od kratke bluze sa dubokim V izrezom i puf suknje visokog struka. Prakti\u010dan i \u017eenstven pravi bazi\u010dni komad koji svaka garderoba treba da ima.<\/p>","protected":false},"excerpt":{"rendered":"<p>Predstavljamo Betty Set u beloj\/ plavoj boji lagan i udoban komplet koji zra\u010di jednostavnom elegancijom . Napravljen od prijatnog puplina, sastoji se od kratke bluze sa dubokim V izrezom i puf suknje visokog struka. Prakti\u010dan i \u017eenstven pravi bazi\u010dni komad koji svaka garderoba treba da ima.<\/p>","protected":false},"featured_media":264,"template":"","meta":[],"product_brand":[],"product_cat":[16],"product_tag":[],"class_list":{"0":"post-15","1":"product","2":"type-product","3":"status-publish","4":"has-post-thumbnail","6":"product_cat-collections","9":"first","10":"instock","11":"shipping-taxable","12":"purchasable","13":"product-type-variable"},"_links":{"self":[{"href":"https:\/\/ozias2.mvisionradnaverzija.com\/sr\/wp-json\/wp\/v2\/product\/15","targetHints":{"allow":["GET"]}}],"collection":[{"href":"https:\/\/ozias2.mvisionradnaverzija.com\/sr\/wp-json\/wp\/v2\/product"}],"about":[{"href":"https:\/\/ozias2.mvisionradnaverzija.com\/sr\/wp-json\/wp\/v2\/types\/product"}],"wp:featuredmedia":[{"embeddable":true,"href":"https:\/\/ozias2.mvisionradnaverzija.com\/sr\/wp-json\/wp\/v2\/media\/264"}],"wp:attachment":[{"href":"https:\/\/ozias2.mvisionradnaverzija.com\/sr\/wp-json\/wp\/v2\/media?parent=15"}],"wp:term":[{"taxonomy":"product_brand","embeddable":true,"href":"https:\/\/ozias2.mvisionradnaverzija.com\/sr\/wp-json\/wp\/v2\/product_brand?post=15"},{"taxonomy":"product_cat","embeddable":true,"href":"https:\/\/ozias2.mvisionradnaverzija.com\/sr\/wp-json\/wp\/v2\/product_cat?post=15"},{"taxonomy":"product_tag","embeddable":true,"href":"https:\/\/ozias2.mvisionradnaverzija.com\/sr\/wp-json\/wp\/v2\/product_tag?post=15"}],"curies":[{"name":"wp","href":"https:\/\/api.w.org\/{rel}","templated":true}]}}