{"id":130,"date":"2025-10-17T07:19:33","date_gmt":"2025-10-17T07:19:33","guid":{"rendered":"https:\/\/ozias2.mvisionradnaverzija.com\/?post_type=product&#038;p=130"},"modified":"2025-10-21T07:21:30","modified_gmt":"2025-10-21T07:21:30","slug":"rosalee-haljina","status":"publish","type":"product","link":"https:\/\/ozias2.mvisionradnaverzija.com\/sr\/shop\/dresses\/rosalee-haljina\/","title":{"rendered":"Rosalee haljina"},"content":{"rendered":"<p class=\"translation-block\">ROSALEE haljina je savr\u0161ena kao beach cover-up, ali i za lepu dnevnu priliku. Lagana, udobna i atraktivna, idealna je za vrele dane kada \u017eeli\u0161 da izgleda\u0161 posebno bez mnogo truda. Kroj prati liniju tela, a prorez sa ovim ludim akcentom isti\u010de prelepo \u017eensku figure.<\/p>","protected":false},"excerpt":{"rendered":"<p class=\"translation-block\">ROSALEE haljina je savr\u0161ena kao beach cover-up, ali i za lepu dnevnu priliku. Lagana, udobna i atraktivna, idealna je za vrele dane kada \u017eeli\u0161 da izgleda\u0161 posebno bez mnogo truda. Kroj prati liniju tela, a prorez sa ovim ludim akcentom isti\u010de prelepo \u017eensku figure.<\/p>","protected":false},"featured_media":249,"template":"","meta":[],"product_brand":[],"product_cat":[25],"product_tag":[],"class_list":{"0":"post-130","1":"product","2":"type-product","3":"status-publish","4":"has-post-thumbnail","6":"product_cat-dresses","9":"first","10":"instock","11":"shipping-taxable","12":"purchasable","13":"product-type-variable"},"_links":{"self":[{"href":"https:\/\/ozias2.mvisionradnaverzija.com\/sr\/wp-json\/wp\/v2\/product\/130","targetHints":{"allow":["GET"]}}],"collection":[{"href":"https:\/\/ozias2.mvisionradnaverzija.com\/sr\/wp-json\/wp\/v2\/product"}],"about":[{"href":"https:\/\/ozias2.mvisionradnaverzija.com\/sr\/wp-json\/wp\/v2\/types\/product"}],"wp:featuredmedia":[{"embeddable":true,"href":"https:\/\/ozias2.mvisionradnaverzija.com\/sr\/wp-json\/wp\/v2\/media\/249"}],"wp:attachment":[{"href":"https:\/\/ozias2.mvisionradnaverzija.com\/sr\/wp-json\/wp\/v2\/media?parent=130"}],"wp:term":[{"taxonomy":"product_brand","embeddable":true,"href":"https:\/\/ozias2.mvisionradnaverzija.com\/sr\/wp-json\/wp\/v2\/product_brand?post=130"},{"taxonomy":"product_cat","embeddable":true,"href":"https:\/\/ozias2.mvisionradnaverzija.com\/sr\/wp-json\/wp\/v2\/product_cat?post=130"},{"taxonomy":"product_tag","embeddable":true,"href":"https:\/\/ozias2.mvisionradnaverzija.com\/sr\/wp-json\/wp\/v2\/product_tag?post=130"}],"curies":[{"name":"wp","href":"https:\/\/api.w.org\/{rel}","templated":true}]}}