{"id":123,"date":"2025-10-17T07:18:30","date_gmt":"2025-10-17T07:18:30","guid":{"rendered":"https:\/\/ozias2.mvisionradnaverzija.com\/?post_type=product&#038;p=123"},"modified":"2025-10-21T07:30:06","modified_gmt":"2025-10-21T07:30:06","slug":"lola-komplet","status":"publish","type":"product","link":"https:\/\/ozias2.mvisionradnaverzija.com\/sr\/shop\/collections\/lola-komplet\/","title":{"rendered":"Lola komplet"},"content":{"rendered":"<p class=\"western\" lang=\"en-US\">LOLA komplet od ne\u017enog muslina spaja udobnost i eleganciju izgled u jednom odevnom komadu koji \u0107ete obo\u017eavati. Gornji deo sa puf rukavima i \u010dvorom napred isti\u010de figuru, dok suknja sa visokim prorezom dodaje dozu elegancije i \u017eenstvenosti. Njegova svestranost \u010dini ga savr\u0161enim izborom za sve prilike.<\/p>","protected":false},"excerpt":{"rendered":"<p>LOLA komplet od ne\u017enog muslina spaja udobnost i eleganciju izgled u jednom odevnom komadu koji \u0107ete obo\u017eavati. Gornji deo sa puf rukavima i \u010dvorom napred isti\u010de figuru, dok suknja sa visokim prorezom dodaje dozu elegancije i \u017eenstvenosti. Njegova svestranost \u010dini ga savr\u0161enim izborom za sve prilike.<\/p>","protected":false},"featured_media":260,"template":"","meta":[],"product_brand":[],"product_cat":[16],"product_tag":[],"class_list":{"0":"post-123","1":"product","2":"type-product","3":"status-publish","4":"has-post-thumbnail","6":"product_cat-collections","9":"first","10":"instock","11":"shipping-taxable","12":"purchasable","13":"product-type-variable"},"_links":{"self":[{"href":"https:\/\/ozias2.mvisionradnaverzija.com\/sr\/wp-json\/wp\/v2\/product\/123","targetHints":{"allow":["GET"]}}],"collection":[{"href":"https:\/\/ozias2.mvisionradnaverzija.com\/sr\/wp-json\/wp\/v2\/product"}],"about":[{"href":"https:\/\/ozias2.mvisionradnaverzija.com\/sr\/wp-json\/wp\/v2\/types\/product"}],"wp:featuredmedia":[{"embeddable":true,"href":"https:\/\/ozias2.mvisionradnaverzija.com\/sr\/wp-json\/wp\/v2\/media\/260"}],"wp:attachment":[{"href":"https:\/\/ozias2.mvisionradnaverzija.com\/sr\/wp-json\/wp\/v2\/media?parent=123"}],"wp:term":[{"taxonomy":"product_brand","embeddable":true,"href":"https:\/\/ozias2.mvisionradnaverzija.com\/sr\/wp-json\/wp\/v2\/product_brand?post=123"},{"taxonomy":"product_cat","embeddable":true,"href":"https:\/\/ozias2.mvisionradnaverzija.com\/sr\/wp-json\/wp\/v2\/product_cat?post=123"},{"taxonomy":"product_tag","embeddable":true,"href":"https:\/\/ozias2.mvisionradnaverzija.com\/sr\/wp-json\/wp\/v2\/product_tag?post=123"}],"curies":[{"name":"wp","href":"https:\/\/api.w.org\/{rel}","templated":true}]}}