{"id":115,"date":"2025-10-17T07:13:00","date_gmt":"2025-10-17T07:13:00","guid":{"rendered":"https:\/\/ozias2.mvisionradnaverzija.com\/?post_type=product&#038;p=115"},"modified":"2025-10-21T07:26:14","modified_gmt":"2025-10-21T07:26:14","slug":"rosie-haljina","status":"publish","type":"product","link":"https:\/\/ozias2.mvisionradnaverzija.com\/sr\/shop\/dresses\/rosie-haljina\/","title":{"rendered":"Rosie haljina"},"content":{"rendered":"<p class=\"western\" lang=\"en-US\">Predstavljamo Rosie haljinu  efektna, duga haljina od laganog satena sa otvorenim le\u0111ima i siluetom koja prati i isti\u010de figuru na najlep\u0161i na\u010din. Zahvaljuju\u0107i svom \u0161arenom i upe\u010datljivom printu, Rosie je komad koji ostavlja utisak. Elegantna, ali nosiva, savr\u0161ena je i za dnevne i ve\u010dernje prilike.<\/p>","protected":false},"excerpt":{"rendered":"<p>Predstavljamo Rosie haljinu  efektna, duga haljina od laganog satena sa otvorenim le\u0111ima i siluetom koja prati i isti\u010de figuru na najlep\u0161i na\u010din. Zahvaljuju\u0107i svom \u0161arenom i upe\u010datljivom printu, Rosie je komad koji ostavlja utisak. Elegantna, ali nosiva, savr\u0161ena je i za dnevne i ve\u010dernje prilike.<\/p>","protected":false},"featured_media":255,"template":"","meta":[],"product_brand":[],"product_cat":[25],"product_tag":[],"class_list":{"0":"post-115","1":"product","2":"type-product","3":"status-publish","4":"has-post-thumbnail","6":"product_cat-dresses","9":"first","10":"instock","11":"shipping-taxable","12":"purchasable","13":"product-type-variable"},"_links":{"self":[{"href":"https:\/\/ozias2.mvisionradnaverzija.com\/sr\/wp-json\/wp\/v2\/product\/115","targetHints":{"allow":["GET"]}}],"collection":[{"href":"https:\/\/ozias2.mvisionradnaverzija.com\/sr\/wp-json\/wp\/v2\/product"}],"about":[{"href":"https:\/\/ozias2.mvisionradnaverzija.com\/sr\/wp-json\/wp\/v2\/types\/product"}],"wp:featuredmedia":[{"embeddable":true,"href":"https:\/\/ozias2.mvisionradnaverzija.com\/sr\/wp-json\/wp\/v2\/media\/255"}],"wp:attachment":[{"href":"https:\/\/ozias2.mvisionradnaverzija.com\/sr\/wp-json\/wp\/v2\/media?parent=115"}],"wp:term":[{"taxonomy":"product_brand","embeddable":true,"href":"https:\/\/ozias2.mvisionradnaverzija.com\/sr\/wp-json\/wp\/v2\/product_brand?post=115"},{"taxonomy":"product_cat","embeddable":true,"href":"https:\/\/ozias2.mvisionradnaverzija.com\/sr\/wp-json\/wp\/v2\/product_cat?post=115"},{"taxonomy":"product_tag","embeddable":true,"href":"https:\/\/ozias2.mvisionradnaverzija.com\/sr\/wp-json\/wp\/v2\/product_tag?post=115"}],"curies":[{"name":"wp","href":"https:\/\/api.w.org\/{rel}","templated":true}]}}